{"id":1825,"date":"2015-02-19T11:38:47","date_gmt":"2015-02-19T11:38:47","guid":{"rendered":"http:\/\/velikorodnov.com\/dev\/wpflatastic\/?page_id=1825"},"modified":"2024-12-23T08:24:47","modified_gmt":"2024-12-23T13:24:47","slug":"empresa","status":"publish","type":"page","link":"https:\/\/gruporiental.com\/shop\/empresa\/","title":{"rendered":"Nuestra Empresa"},"content":{"rendered":"<p>[vc_row][vc_column][vc_custom_heading text=\u00bbQuienes Somos\u00bb google_fonts=\u00bbfont_family:Roboto%3A100%2C100italic%2C300%2C300italic%2Cregular%2Citalic%2C500%2C500italic%2C700%2C700italic%2C900%2C900italic|font_style:100%20light%20regular%3A100%3Anormal\u00bb text_align=\u00bbalign-left\u00bb][vc_mad_single_image image=\u00bb3041&#8243; alignment=\u00bbleft\u00bb img_size=\u00bb550*339&#8243;][vc_column_text]<strong>China, inmenso y legendario pa\u00eds Oriental, es due\u00f1o de una milenaria cultura y poseedor de una de las mejores tradiciones alimenticias del mundo. <\/strong><\/p>\n<p>ORIENTAL INDUSTRIA ALIMENTICIA O.I.A. C\u00cdA. LTDA., ha tra\u00eddo al Ecuador toda la m\u00edstica y sabidur\u00eda del pueblo chino para elaborar m\u00e1s de 88 productos alimenticios de calidad certificada, con gran aceptaci\u00f3n en todo el pa\u00eds y tambi\u00e9n en el mercado internacional.[\/vc_column_text][vc_custom_heading text=\u00bbNuestra Misi\u00f3n\u00bb font_container=\u00bbtag:h5|text_align:left\u00bb google_fonts=\u00bbfont_family:Roboto%3A100%2C100italic%2C300%2C300italic%2Cregular%2Citalic%2C500%2C500italic%2C700%2C700italic%2C900%2C900italic|font_style:100%20light%20regular%3A100%3Anormal\u00bb text_align=\u00bbalign-left\u00bb][vc_column_text]Producimos y comercializamos productos alimenticios con calidad, altos niveles de servicios y excelencia, a precios competitivos para nuestros consumidores locales e internacionales, lo que permite el desarrollo sostenible de la empresa, sus colaboradores y a la comunidad en general.[\/vc_column_text][\/vc_column][\/vc_row][vc_row][vc_column width=\u00bb1\/2&#8243;][vc_custom_heading text=\u00bbSobre Nuestra Empresa\u00bb google_fonts=\u00bbfont_family:Roboto%3A100%2C100italic%2C300%2C300italic%2Cregular%2Citalic%2C500%2C500italic%2C700%2C700italic%2C900%2C900italic|font_style:100%20light%20regular%3A100%3Anormal\u00bb text_align=\u00bbalign-left\u00bb][vc_accordion][vc_accordion_tab title=\u00bbHistoria\u00bb][vc_column_text]Desde el a\u00f1o 1975, fecha hist\u00f3rica en que se inician las labores de ORIENTAL INDUSTRIA ALIMENTICIA O.I.A. C\u00cdA. LTDA.,posee una red completa de distribuci\u00f3n en todo el pa\u00eds, que la ubican como una de las principales industrias del sector alimenticio.<\/p>\n<p>Ubicada en Ecuador, naci\u00f3n de suelos y climas privilegiados en la costa pac\u00edfico de\u00a0Sudam\u00e9rica, trabaja en la b\u00fasqueda de mejores opciones alimenticias para diversos mercados, provey\u00e9ndolos de productos confiables, nutritivos y con precios accesibles en las l\u00edneas de fideos, harinas, condimentos, leches, snacks, bebidas y otros.<\/p>\n<p>Es una de las agroindustrias alimenticias m\u00e1s importantes del Ecuador, con capacidad de producir en sus propias haciendas la materia prima para la elaboraci\u00f3n de la gran mayor\u00eda de sus marcas. Actualmente exporta a<\/p>\n<p>mercados de la Uni\u00f3n Europea, Norte, Centro y Sudam\u00e9rica. Por estas y otras razones deseamos ser su proveedor de calidad y sabor para preservar su salud. Trabaje con nosotros; somos especialistas en productos excepcionales.<\/p>\n<p>Con fe y optimismo renovamos nuestro compromiso para seguirles brindando lo mejor de nosotros.[\/vc_column_text][\/vc_accordion_tab][vc_accordion_tab title=\u00bbValores Corporativos\u00bb][vc_column_text]Organizados.- Tener claras las funciones y los roles. Trabajar en equipo y lograr el objetivo.<\/p>\n<p>Responsabilidad.- Es reflexionar, orientar y valorar la consecuencia de sus actos.<\/p>\n<p>Integridad.- Es ser honesto y \u00e9tico en todo el \u00e1mbito profesional. Incluye el comunicar las intenciones, ideas y sentimientos abierta y directamente, y el estar dispuesto a actuar rectamente incluso bajo presiones internas y externas.<\/p>\n<p>Excelencia.- Crear valor sostenido.<\/p>\n<p>Nobleza.- Sensibilidad interna para experimentar lo que otro siente, creando una conexi\u00f3n entre las partes que motive a otros a seguir el mismo camino.<\/p>\n<p>Trabajo en Equipo.- Implica la intenci\u00f3n genuina de colaboraci\u00f3n y cooperaci\u00f3n para el logro de los objetivos del grupo del cual se forme parte, el trabajar juntos, como opuesto a hacerlo individual o competitivamente.<\/p>\n<p>Adaptabilidad.- Capacidad y flexibilidad de la organizaci\u00f3n para enfrentar un cambio.<\/p>\n<p>Liderazgo.- Ser modelo o referente para los dem\u00e1s.[\/vc_column_text][\/vc_accordion_tab][vc_accordion_tab title=\u00bbNuestra Visi\u00f3n\u00bb][vc_column_text]Ser un grupo de marcas l\u00edderes que satisfaga las necesidades de alimentaci\u00f3n y bienestar de nuestros consumidores a trav\u00e9s de la innovaci\u00f3n tecnol\u00f3gica, manteniendo los est\u00e1ndares de calidad que consoliden nuestra presencia en el mercado local e internacional, soportados en una extensa y eficiente red operacional.[\/vc_column_text][\/vc_accordion_tab][vc_accordion_tab title=\u00bbAtributos de la marca\u00bb][vc_column_text]<strong>1. Innovaci\u00f3n\u00a0<\/strong><br \/>\nMantenemos una mejora continua en los procesos, manejando est\u00e1ndares de calidad, estar siempre preparados para dar frente a nuestro mercado competitivo que tenemos en la actualidad.<\/p>\n<p><strong>2. Calidad<\/strong><br \/>\nDebemos brindar un producto que satisfaga las necesidades de nuestros clientes, comprometi\u00e9ndonos en nuestro deber de trabajar con las \u00f3ptimas condiciones para superar las expectativas de nuestros clientes y crear una fidelidad de los mismos.<\/p>\n<p><strong>3. Tradici\u00f3n<\/strong><br \/>\nNuestro trabajo tiene como objetivo trasmitir el h\u00e1bito de consumo para que sea heredado y que pase de generaci\u00f3n en generaci\u00f3n.<\/p>\n<p><strong>4. Confianza\/Respaldo\u00a0<\/strong><br \/>\nGarantizamos nuestro trabajo y esfuerzo para llegar al coraz\u00f3n de nuestros clientes y crear la fidelidad puesta en marcha gracias a la confianza que generamos.<\/p>\n<p><strong>5. Buen Comer\u00a0<\/strong><br \/>\nUna adecuada salud est\u00e1 garantizada en \u201cBuen Comer\u201d y Oriental Industrias Alimenticias no puede dejar de formar parte de las familias sanas.[\/vc_column_text][\/vc_accordion_tab][\/vc_accordion][\/vc_column][vc_column width=\u00bb1\/2&#8243;][vc_custom_heading text=\u00bbPrincipales Productos\u00bb google_fonts=\u00bbfont_family:Roboto%3A100%2C100italic%2C300%2C300italic%2Cregular%2Citalic%2C500%2C500italic%2C700%2C700italic%2C900%2C900italic|font_style:100%20light%20regular%3A100%3Anormal\u00bb text_align=\u00bbalign-left\u00bb][vc_column_text]Presentamos a nuestros clientes opciones alimenticias para diversos mercados, provey\u00e9ndolos de productos confiables, nutritivos y con precios accesibles en las l\u00edneas de fideos, harinas, condimentos, leches, snacks, bebidas y otros.[\/vc_column_text][vc_mad_progress_bar values=\u00bb80|Fideos y Pastas|#41bedd,90|Salsas y aderezos|#f1c40f,50|Harinas|#a255c4,70|T\u00e9,95|Bebidas|#4e4ca0,40|Miscelaneos|#2ecc71&#8243;][\/vc_column][\/vc_row]<\/p>\n","protected":false},"excerpt":{"rendered":"<p>[vc_row][vc_column][vc_custom_heading text=\u00bbQuienes Somos\u00bb google_fonts=\u00bbfont_family:Roboto%3A100%2C100italic%2C300%2C300italic%2Cregular%2Citalic%2C500%2C500italic%2C700%2C700italic%2C900%2C900italic|font_style:100%20light%20regular%3A100%3Anormal\u00bb text_align=\u00bbalign-left\u00bb][vc_mad_single_image image=\u00bb3041&#8243; alignment=\u00bbleft\u00bb img_size=\u00bb550*339&#8243;][vc_column_text]China, inmenso y legendario pa\u00eds Oriental, es due\u00f1o de una milenaria cultura y poseedor de una de las mejores tradiciones alimenticias del mundo. ORIENTAL INDUSTRIA ALIMENTICIA O.I.A. C\u00cdA. LTDA., ha tra\u00eddo al Ecuador toda la m\u00edstica y sabidur\u00eda del pueblo chino para elaborar m\u00e1s de 88 productos alimenticios [&hellip;]<\/p>\n","protected":false},"author":1,"featured_media":0,"parent":0,"menu_order":0,"comment_status":"open","ping_status":"open","template":"","meta":{"footnotes":""},"class_list":["post-1825","page","type-page","status-publish","hentry"],"yoast_head":"<!-- This site is optimized with the Yoast SEO plugin v26.6 - https:\/\/yoast.com\/wordpress\/plugins\/seo\/ -->\n<title>Corporativo Tienda Online - Alimentos Ecuador - Grupo Oriental<\/title>\n<meta name=\"description\" content=\"Somos Grupo Oriental, Industria Alimenticia Ecuatoriana, l\u00edder en el pa\u00eds por promover la tradici\u00f3n del buen comer. Distribuimos a todo el pa\u00eds y hacia el exterior.\" \/>\n<meta name=\"robots\" content=\"index, follow, max-snippet:-1, max-image-preview:large, max-video-preview:-1\" \/>\n<link rel=\"canonical\" href=\"https:\/\/gruporiental.com\/shop\/empresa\/\" \/>\n<meta property=\"og:locale\" content=\"es_ES\" \/>\n<meta property=\"og:type\" content=\"article\" \/>\n<meta property=\"og:title\" content=\"Corporativo Tienda Online - Alimentos Ecuador - Grupo Oriental\" \/>\n<meta property=\"og:description\" content=\"Somos Grupo Oriental, Industria Alimenticia Ecuatoriana, l\u00edder en el pa\u00eds por promover la tradici\u00f3n del buen comer. Distribuimos a todo el pa\u00eds y hacia el exterior.\" \/>\n<meta property=\"og:url\" content=\"https:\/\/gruporiental.com\/shop\/empresa\/\" \/>\n<meta property=\"og:site_name\" content=\"Oriental Shop\" \/>\n<meta property=\"article:modified_time\" content=\"2024-12-23T13:24:47+00:00\" \/>\n<meta name=\"twitter:card\" content=\"summary_large_image\" \/>\n<meta name=\"twitter:label1\" content=\"Tiempo de lectura\" \/>\n\t<meta name=\"twitter:data1\" content=\"4 minutos\" \/>\n<script type=\"application\/ld+json\" class=\"yoast-schema-graph\">{\"@context\":\"https:\/\/schema.org\",\"@graph\":[{\"@type\":\"WebPage\",\"@id\":\"https:\/\/gruporiental.com\/shop\/empresa\/\",\"url\":\"https:\/\/gruporiental.com\/shop\/empresa\/\",\"name\":\"Corporativo Tienda Online - Alimentos Ecuador - Grupo Oriental\",\"isPartOf\":{\"@id\":\"https:\/\/gruporiental.com\/shop\/#website\"},\"datePublished\":\"2015-02-19T11:38:47+00:00\",\"dateModified\":\"2024-12-23T13:24:47+00:00\",\"description\":\"Somos Grupo Oriental, Industria Alimenticia Ecuatoriana, l\u00edder en el pa\u00eds por promover la tradici\u00f3n del buen comer. Distribuimos a todo el pa\u00eds y hacia el exterior.\",\"breadcrumb\":{\"@id\":\"https:\/\/gruporiental.com\/shop\/empresa\/#breadcrumb\"},\"inLanguage\":\"es\",\"potentialAction\":[{\"@type\":\"ReadAction\",\"target\":[\"https:\/\/gruporiental.com\/shop\/empresa\/\"]}]},{\"@type\":\"BreadcrumbList\",\"@id\":\"https:\/\/gruporiental.com\/shop\/empresa\/#breadcrumb\",\"itemListElement\":[{\"@type\":\"ListItem\",\"position\":1,\"name\":\"Home\",\"item\":\"https:\/\/gruporiental.com\/shop\/\"},{\"@type\":\"ListItem\",\"position\":2,\"name\":\"Nuestra Empresa\"}]},{\"@type\":\"WebSite\",\"@id\":\"https:\/\/gruporiental.com\/shop\/#website\",\"url\":\"https:\/\/gruporiental.com\/shop\/\",\"name\":\"Oriental Shop\",\"description\":\"Grupo Oriental\",\"publisher\":{\"@id\":\"https:\/\/gruporiental.com\/shop\/#organization\"},\"potentialAction\":[{\"@type\":\"SearchAction\",\"target\":{\"@type\":\"EntryPoint\",\"urlTemplate\":\"https:\/\/gruporiental.com\/shop\/?s={search_term_string}\"},\"query-input\":{\"@type\":\"PropertyValueSpecification\",\"valueRequired\":true,\"valueName\":\"search_term_string\"}}],\"inLanguage\":\"es\"},{\"@type\":\"Organization\",\"@id\":\"https:\/\/gruporiental.com\/shop\/#organization\",\"name\":\"Grupo Oriental\",\"url\":\"https:\/\/gruporiental.com\/shop\/\",\"logo\":{\"@type\":\"ImageObject\",\"inLanguage\":\"es\",\"@id\":\"https:\/\/gruporiental.com\/shop\/#\/schema\/logo\/image\/\",\"url\":\"https:\/\/gruporiental.com\/shop\/wp-content\/uploads\/2018\/11\/webshopori1.fw_.png\",\"contentUrl\":\"https:\/\/gruporiental.com\/shop\/wp-content\/uploads\/2018\/11\/webshopori1.fw_.png\",\"width\":203,\"height\":111,\"caption\":\"Grupo Oriental\"},\"image\":{\"@id\":\"https:\/\/gruporiental.com\/shop\/#\/schema\/logo\/image\/\"}}]}<\/script>\n<!-- \/ Yoast SEO plugin. -->","yoast_head_json":{"title":"Corporativo Tienda Online - Alimentos Ecuador - Grupo Oriental","description":"Somos Grupo Oriental, Industria Alimenticia Ecuatoriana, l\u00edder en el pa\u00eds por promover la tradici\u00f3n del buen comer. Distribuimos a todo el pa\u00eds y hacia el exterior.","robots":{"index":"index","follow":"follow","max-snippet":"max-snippet:-1","max-image-preview":"max-image-preview:large","max-video-preview":"max-video-preview:-1"},"canonical":"https:\/\/gruporiental.com\/shop\/empresa\/","og_locale":"es_ES","og_type":"article","og_title":"Corporativo Tienda Online - Alimentos Ecuador - Grupo Oriental","og_description":"Somos Grupo Oriental, Industria Alimenticia Ecuatoriana, l\u00edder en el pa\u00eds por promover la tradici\u00f3n del buen comer. Distribuimos a todo el pa\u00eds y hacia el exterior.","og_url":"https:\/\/gruporiental.com\/shop\/empresa\/","og_site_name":"Oriental Shop","article_modified_time":"2024-12-23T13:24:47+00:00","twitter_card":"summary_large_image","twitter_misc":{"Tiempo de lectura":"4 minutos"},"schema":{"@context":"https:\/\/schema.org","@graph":[{"@type":"WebPage","@id":"https:\/\/gruporiental.com\/shop\/empresa\/","url":"https:\/\/gruporiental.com\/shop\/empresa\/","name":"Corporativo Tienda Online - Alimentos Ecuador - Grupo Oriental","isPartOf":{"@id":"https:\/\/gruporiental.com\/shop\/#website"},"datePublished":"2015-02-19T11:38:47+00:00","dateModified":"2024-12-23T13:24:47+00:00","description":"Somos Grupo Oriental, Industria Alimenticia Ecuatoriana, l\u00edder en el pa\u00eds por promover la tradici\u00f3n del buen comer. Distribuimos a todo el pa\u00eds y hacia el exterior.","breadcrumb":{"@id":"https:\/\/gruporiental.com\/shop\/empresa\/#breadcrumb"},"inLanguage":"es","potentialAction":[{"@type":"ReadAction","target":["https:\/\/gruporiental.com\/shop\/empresa\/"]}]},{"@type":"BreadcrumbList","@id":"https:\/\/gruporiental.com\/shop\/empresa\/#breadcrumb","itemListElement":[{"@type":"ListItem","position":1,"name":"Home","item":"https:\/\/gruporiental.com\/shop\/"},{"@type":"ListItem","position":2,"name":"Nuestra Empresa"}]},{"@type":"WebSite","@id":"https:\/\/gruporiental.com\/shop\/#website","url":"https:\/\/gruporiental.com\/shop\/","name":"Oriental Shop","description":"Grupo Oriental","publisher":{"@id":"https:\/\/gruporiental.com\/shop\/#organization"},"potentialAction":[{"@type":"SearchAction","target":{"@type":"EntryPoint","urlTemplate":"https:\/\/gruporiental.com\/shop\/?s={search_term_string}"},"query-input":{"@type":"PropertyValueSpecification","valueRequired":true,"valueName":"search_term_string"}}],"inLanguage":"es"},{"@type":"Organization","@id":"https:\/\/gruporiental.com\/shop\/#organization","name":"Grupo Oriental","url":"https:\/\/gruporiental.com\/shop\/","logo":{"@type":"ImageObject","inLanguage":"es","@id":"https:\/\/gruporiental.com\/shop\/#\/schema\/logo\/image\/","url":"https:\/\/gruporiental.com\/shop\/wp-content\/uploads\/2018\/11\/webshopori1.fw_.png","contentUrl":"https:\/\/gruporiental.com\/shop\/wp-content\/uploads\/2018\/11\/webshopori1.fw_.png","width":203,"height":111,"caption":"Grupo Oriental"},"image":{"@id":"https:\/\/gruporiental.com\/shop\/#\/schema\/logo\/image\/"}}]}},"_links":{"self":[{"href":"https:\/\/gruporiental.com\/shop\/wp-json\/wp\/v2\/pages\/1825","targetHints":{"allow":["GET"]}}],"collection":[{"href":"https:\/\/gruporiental.com\/shop\/wp-json\/wp\/v2\/pages"}],"about":[{"href":"https:\/\/gruporiental.com\/shop\/wp-json\/wp\/v2\/types\/page"}],"author":[{"embeddable":true,"href":"https:\/\/gruporiental.com\/shop\/wp-json\/wp\/v2\/users\/1"}],"replies":[{"embeddable":true,"href":"https:\/\/gruporiental.com\/shop\/wp-json\/wp\/v2\/comments?post=1825"}],"version-history":[{"count":14,"href":"https:\/\/gruporiental.com\/shop\/wp-json\/wp\/v2\/pages\/1825\/revisions"}],"predecessor-version":[{"id":8860,"href":"https:\/\/gruporiental.com\/shop\/wp-json\/wp\/v2\/pages\/1825\/revisions\/8860"}],"wp:attachment":[{"href":"https:\/\/gruporiental.com\/shop\/wp-json\/wp\/v2\/media?parent=1825"}],"curies":[{"name":"wp","href":"https:\/\/api.w.org\/{rel}","templated":true}]}}