{"id":43,"date":"2014-09-22T09:12:23","date_gmt":"2014-09-22T09:12:23","guid":{"rendered":"http:\/\/localhost\/flatastic\/?page_id=43"},"modified":"2025-01-02T15:25:01","modified_gmt":"2025-01-02T20:25:01","slug":"shop","status":"publish","type":"page","link":"https:\/\/gruporiental.com\/shop\/","title":{"rendered":"Inicio"},"content":{"rendered":"<p>[vc_row css=\u00bb.vc_custom_1427893124998{margin-top: -60px !important;}\u00bb][vc_column][layerslider_vc id=\u00bb1&#8243;][\/vc_column][\/vc_row][vc_row][vc_column width=\u00bb1\/6&#8243;][vc_column_text][\/vc_column_text][\/vc_column][\/vc_row][vc_row][vc_column][vc_mad_products columns=\u00bb4&#8243; items=\u00bb8&#8243; show=\u00bb\u00bb orderby=\u00bbrand\u00bb css_animation=\u00bbleft-to-right\u00bb sort=\u00bb0&#8243; animations=\u00bbanimate_ftb\u00bb meta=\u00bbdate\u00bb title=\u00bbProductos\u00bb categories=\u00bb145,118,114,121,122,120,123,116,119,115,126,125,124,117&#8243;][vc_btn title=\u00bbVer m\u00e1s\u00bb color=\u00bbdanger\u00bb size=\u00bblg\u00bb align=\u00bbcenter\u00bb link=\u00bburl:https%3A%2F%2Fgruporiental.com%2Fshop%2Ftienda%2F|title:Catalogo||\u00bb][\/vc_column][\/vc_row]<\/p>\n","protected":false},"excerpt":{"rendered":"<p>[vc_row css=\u00bb.vc_custom_1427893124998{margin-top: -60px !important;}\u00bb][vc_column][layerslider_vc id=\u00bb1&#8243;][\/vc_column][\/vc_row][vc_row][vc_column width=\u00bb1\/6&#8243;][vc_column_text][\/vc_column_text][\/vc_column][\/vc_row][vc_row][vc_column][vc_mad_products columns=\u00bb4&#8243; items=\u00bb8&#8243; show=\u00bb\u00bb orderby=\u00bbrand\u00bb css_animation=\u00bbleft-to-right\u00bb sort=\u00bb0&#8243; animations=\u00bbanimate_ftb\u00bb meta=\u00bbdate\u00bb title=\u00bbProductos\u00bb categories=\u00bb145,118,114,121,122,120,123,116,119,115,126,125,124,117&#8243;][vc_btn title=\u00bbVer m\u00e1s\u00bb color=\u00bbdanger\u00bb size=\u00bblg\u00bb align=\u00bbcenter\u00bb link=\u00bburl:https%3A%2F%2Fgruporiental.com%2Fshop%2Ftienda%2F|title:Catalogo||\u00bb][\/vc_column][\/vc_row]<\/p>\n","protected":false},"author":1,"featured_media":0,"parent":0,"menu_order":0,"comment_status":"open","ping_status":"open","template":"","meta":{"footnotes":""},"class_list":["post-43","page","type-page","status-publish","hentry"],"yoast_head":"<!-- This site is optimized with the Yoast SEO plugin v26.6 - https:\/\/yoast.com\/wordpress\/plugins\/seo\/ -->\n<title>Tienda en L\u00ednea - Alimentos Ecuador - Grupo Oriental<\/title>\n<meta name=\"description\" content=\"Compra fideos, salsas, harinas, bebidas y mucho m\u00e1s, en la tienda virtual de Grupo Oriental. Calidad y tradici\u00f3n al alcance de tu hogar, en tan solo pocos clics.\" \/>\n<meta name=\"robots\" content=\"index, follow, max-snippet:-1, max-image-preview:large, max-video-preview:-1\" \/>\n<link rel=\"canonical\" href=\"https:\/\/gruporiental.com\/shop\/\" \/>\n<meta property=\"og:locale\" content=\"es_ES\" \/>\n<meta property=\"og:type\" content=\"article\" \/>\n<meta property=\"og:title\" content=\"Tienda en L\u00ednea - Alimentos Ecuador - Grupo Oriental\" \/>\n<meta property=\"og:description\" content=\"Compra fideos, salsas, harinas, bebidas y mucho m\u00e1s, en la tienda virtual de Grupo Oriental. Calidad y tradici\u00f3n al alcance de tu hogar, en tan solo pocos clics.\" \/>\n<meta property=\"og:url\" content=\"https:\/\/gruporiental.com\/shop\/\" \/>\n<meta property=\"og:site_name\" content=\"Oriental Shop\" \/>\n<meta property=\"article:modified_time\" content=\"2025-01-02T20:25:01+00:00\" \/>\n<meta name=\"twitter:card\" content=\"summary_large_image\" \/>\n<meta name=\"twitter:label1\" content=\"Tiempo de lectura\" \/>\n\t<meta name=\"twitter:data1\" content=\"1 minuto\" \/>\n<script type=\"application\/ld+json\" class=\"yoast-schema-graph\">{\"@context\":\"https:\/\/schema.org\",\"@graph\":[{\"@type\":\"WebPage\",\"@id\":\"https:\/\/gruporiental.com\/shop\/\",\"url\":\"https:\/\/gruporiental.com\/shop\/\",\"name\":\"Tienda en L\u00ednea - Alimentos Ecuador - Grupo Oriental\",\"isPartOf\":{\"@id\":\"https:\/\/gruporiental.com\/shop\/#website\"},\"datePublished\":\"2014-09-22T09:12:23+00:00\",\"dateModified\":\"2025-01-02T20:25:01+00:00\",\"description\":\"Compra fideos, salsas, harinas, bebidas y mucho m\u00e1s, en la tienda virtual de Grupo Oriental. Calidad y tradici\u00f3n al alcance de tu hogar, en tan solo pocos clics.\",\"breadcrumb\":{\"@id\":\"https:\/\/gruporiental.com\/shop\/#breadcrumb\"},\"inLanguage\":\"es\",\"potentialAction\":[{\"@type\":\"ReadAction\",\"target\":[\"https:\/\/gruporiental.com\/shop\/\"]}]},{\"@type\":\"BreadcrumbList\",\"@id\":\"https:\/\/gruporiental.com\/shop\/#breadcrumb\",\"itemListElement\":[{\"@type\":\"ListItem\",\"position\":1,\"name\":\"Home\",\"item\":\"https:\/\/gruporiental.com\/shop\/\"},{\"@type\":\"ListItem\",\"position\":2,\"name\":\"Inicio\"}]},{\"@type\":\"WebSite\",\"@id\":\"https:\/\/gruporiental.com\/shop\/#website\",\"url\":\"https:\/\/gruporiental.com\/shop\/\",\"name\":\"Oriental Shop\",\"description\":\"Grupo Oriental\",\"publisher\":{\"@id\":\"https:\/\/gruporiental.com\/shop\/#organization\"},\"potentialAction\":[{\"@type\":\"SearchAction\",\"target\":{\"@type\":\"EntryPoint\",\"urlTemplate\":\"https:\/\/gruporiental.com\/shop\/?s={search_term_string}\"},\"query-input\":{\"@type\":\"PropertyValueSpecification\",\"valueRequired\":true,\"valueName\":\"search_term_string\"}}],\"inLanguage\":\"es\"},{\"@type\":\"Organization\",\"@id\":\"https:\/\/gruporiental.com\/shop\/#organization\",\"name\":\"Grupo Oriental\",\"url\":\"https:\/\/gruporiental.com\/shop\/\",\"logo\":{\"@type\":\"ImageObject\",\"inLanguage\":\"es\",\"@id\":\"https:\/\/gruporiental.com\/shop\/#\/schema\/logo\/image\/\",\"url\":\"https:\/\/gruporiental.com\/shop\/wp-content\/uploads\/2018\/11\/webshopori1.fw_.png\",\"contentUrl\":\"https:\/\/gruporiental.com\/shop\/wp-content\/uploads\/2018\/11\/webshopori1.fw_.png\",\"width\":203,\"height\":111,\"caption\":\"Grupo Oriental\"},\"image\":{\"@id\":\"https:\/\/gruporiental.com\/shop\/#\/schema\/logo\/image\/\"}}]}<\/script>\n<!-- \/ Yoast SEO plugin. -->","yoast_head_json":{"title":"Tienda en L\u00ednea - Alimentos Ecuador - Grupo Oriental","description":"Compra fideos, salsas, harinas, bebidas y mucho m\u00e1s, en la tienda virtual de Grupo Oriental. Calidad y tradici\u00f3n al alcance de tu hogar, en tan solo pocos clics.","robots":{"index":"index","follow":"follow","max-snippet":"max-snippet:-1","max-image-preview":"max-image-preview:large","max-video-preview":"max-video-preview:-1"},"canonical":"https:\/\/gruporiental.com\/shop\/","og_locale":"es_ES","og_type":"article","og_title":"Tienda en L\u00ednea - Alimentos Ecuador - Grupo Oriental","og_description":"Compra fideos, salsas, harinas, bebidas y mucho m\u00e1s, en la tienda virtual de Grupo Oriental. Calidad y tradici\u00f3n al alcance de tu hogar, en tan solo pocos clics.","og_url":"https:\/\/gruporiental.com\/shop\/","og_site_name":"Oriental Shop","article_modified_time":"2025-01-02T20:25:01+00:00","twitter_card":"summary_large_image","twitter_misc":{"Tiempo de lectura":"1 minuto"},"schema":{"@context":"https:\/\/schema.org","@graph":[{"@type":"WebPage","@id":"https:\/\/gruporiental.com\/shop\/","url":"https:\/\/gruporiental.com\/shop\/","name":"Tienda en L\u00ednea - Alimentos Ecuador - Grupo Oriental","isPartOf":{"@id":"https:\/\/gruporiental.com\/shop\/#website"},"datePublished":"2014-09-22T09:12:23+00:00","dateModified":"2025-01-02T20:25:01+00:00","description":"Compra fideos, salsas, harinas, bebidas y mucho m\u00e1s, en la tienda virtual de Grupo Oriental. Calidad y tradici\u00f3n al alcance de tu hogar, en tan solo pocos clics.","breadcrumb":{"@id":"https:\/\/gruporiental.com\/shop\/#breadcrumb"},"inLanguage":"es","potentialAction":[{"@type":"ReadAction","target":["https:\/\/gruporiental.com\/shop\/"]}]},{"@type":"BreadcrumbList","@id":"https:\/\/gruporiental.com\/shop\/#breadcrumb","itemListElement":[{"@type":"ListItem","position":1,"name":"Home","item":"https:\/\/gruporiental.com\/shop\/"},{"@type":"ListItem","position":2,"name":"Inicio"}]},{"@type":"WebSite","@id":"https:\/\/gruporiental.com\/shop\/#website","url":"https:\/\/gruporiental.com\/shop\/","name":"Oriental Shop","description":"Grupo Oriental","publisher":{"@id":"https:\/\/gruporiental.com\/shop\/#organization"},"potentialAction":[{"@type":"SearchAction","target":{"@type":"EntryPoint","urlTemplate":"https:\/\/gruporiental.com\/shop\/?s={search_term_string}"},"query-input":{"@type":"PropertyValueSpecification","valueRequired":true,"valueName":"search_term_string"}}],"inLanguage":"es"},{"@type":"Organization","@id":"https:\/\/gruporiental.com\/shop\/#organization","name":"Grupo Oriental","url":"https:\/\/gruporiental.com\/shop\/","logo":{"@type":"ImageObject","inLanguage":"es","@id":"https:\/\/gruporiental.com\/shop\/#\/schema\/logo\/image\/","url":"https:\/\/gruporiental.com\/shop\/wp-content\/uploads\/2018\/11\/webshopori1.fw_.png","contentUrl":"https:\/\/gruporiental.com\/shop\/wp-content\/uploads\/2018\/11\/webshopori1.fw_.png","width":203,"height":111,"caption":"Grupo Oriental"},"image":{"@id":"https:\/\/gruporiental.com\/shop\/#\/schema\/logo\/image\/"}}]}},"_links":{"self":[{"href":"https:\/\/gruporiental.com\/shop\/wp-json\/wp\/v2\/pages\/43","targetHints":{"allow":["GET"]}}],"collection":[{"href":"https:\/\/gruporiental.com\/shop\/wp-json\/wp\/v2\/pages"}],"about":[{"href":"https:\/\/gruporiental.com\/shop\/wp-json\/wp\/v2\/types\/page"}],"author":[{"embeddable":true,"href":"https:\/\/gruporiental.com\/shop\/wp-json\/wp\/v2\/users\/1"}],"replies":[{"embeddable":true,"href":"https:\/\/gruporiental.com\/shop\/wp-json\/wp\/v2\/comments?post=43"}],"version-history":[{"count":72,"href":"https:\/\/gruporiental.com\/shop\/wp-json\/wp\/v2\/pages\/43\/revisions"}],"predecessor-version":[{"id":9726,"href":"https:\/\/gruporiental.com\/shop\/wp-json\/wp\/v2\/pages\/43\/revisions\/9726"}],"wp:attachment":[{"href":"https:\/\/gruporiental.com\/shop\/wp-json\/wp\/v2\/media?parent=43"}],"curies":[{"name":"wp","href":"https:\/\/api.w.org\/{rel}","templated":true}]}}