{"id":3132,"date":"2018-11-12T22:10:42","date_gmt":"2018-11-13T03:10:42","guid":{"rendered":"https:\/\/orientalshop.twidoo.co\/?post_type=product&#038;p=3132"},"modified":"2024-07-09T15:43:31","modified_gmt":"2024-07-09T20:43:31","slug":"fideo-rapidito-precocido-de-res-500g","status":"publish","type":"product","link":"https:\/\/gruporiental.com\/shop\/producto\/fideo-rapidito-precocido-de-res-500g\/","title":{"rendered":"Rapidito res pack 500g"},"content":{"rendered":"<p class=\"p1\">Fideos instant\u00e1neos f\u00e1ciles y r\u00e1pidos de preparar.<\/p>\n<p class=\"p1\">5 und de Rapidito sabor a carne de res de 100g<\/p>\n<p class=\"p1\">Incluye 1 Salsa Oriental favorita.<\/p>\n<p>Conoce m\u00e1s en <a href=\"https:\/\/www.instagram.com\/rapiditooriental\/?hl=es-la\">@rapiditooriental<\/a><\/p>\n<p>&nbsp;<\/p>\n","protected":false},"excerpt":{"rendered":"<p class=\"p1\">Fideos instant\u00e1neos f\u00e1ciles y r\u00e1pidos de preparar.<\/p>\n<p class=\"p1\">5 und de Rapidito sabor a carne de res de 100g<\/p>\n<p class=\"p1\">Incluye 1 Salsa Oriental favorita.<\/p>\n","protected":false},"featured_media":9396,"comment_status":"open","ping_status":"closed","template":"","meta":[],"product_brand":[],"product_cat":[122],"product_tag":[156,207],"class_list":{"0":"post-3132","1":"product","2":"type-product","3":"status-publish","4":"has-post-thumbnail","6":"product_cat-pastas-instantaneas","7":"product_tag-rapidito","8":"product_tag-res","10":"first","11":"instock","12":"purchasable","13":"product-type-simple"},"yoast_head":"<!-- This site is optimized with the Yoast SEO plugin v26.6 - https:\/\/yoast.com\/wordpress\/plugins\/seo\/ -->\n<title>Rapidito res pack 500g - Oriental Shop<\/title>\n<meta name=\"description\" content=\"Rapidito\u00ae res 500g. Incluye 5 unidades de Rapidito\u00ae sabor a pollo de 100g. Fideos instant\u00e1neos f\u00e1ciles de preparar. P\u00e9gate un Rapidito.\" \/>\n<meta name=\"robots\" content=\"index, follow, max-snippet:-1, max-image-preview:large, max-video-preview:-1\" \/>\n<link rel=\"canonical\" href=\"https:\/\/gruporiental.com\/shop\/producto\/fideo-rapidito-precocido-de-res-500g\/\" \/>\n<meta property=\"og:locale\" content=\"es_ES\" \/>\n<meta property=\"og:type\" content=\"article\" \/>\n<meta property=\"og:title\" content=\"Rapidito res pack 500g - Oriental Shop\" \/>\n<meta property=\"og:description\" content=\"Rapidito\u00ae res 500g. Incluye 5 unidades de Rapidito\u00ae sabor a pollo de 100g. Fideos instant\u00e1neos f\u00e1ciles de preparar. P\u00e9gate un Rapidito.\" \/>\n<meta property=\"og:url\" content=\"https:\/\/gruporiental.com\/shop\/producto\/fideo-rapidito-precocido-de-res-500g\/\" \/>\n<meta property=\"og:site_name\" content=\"Oriental Shop\" \/>\n<meta property=\"article:modified_time\" content=\"2024-07-09T20:43:31+00:00\" \/>\n<meta property=\"og:image\" content=\"https:\/\/gruporiental.com\/shop\/wp-content\/uploads\/2018\/11\/RAPDIITO-500G-RES.png\" \/>\n\t<meta property=\"og:image:width\" content=\"800\" \/>\n\t<meta property=\"og:image:height\" content=\"800\" \/>\n\t<meta property=\"og:image:type\" content=\"image\/png\" \/>\n<meta name=\"twitter:card\" content=\"summary_large_image\" \/>\n<meta name=\"twitter:label1\" content=\"Tiempo de lectura\" \/>\n\t<meta name=\"twitter:data1\" content=\"1 minuto\" \/>\n<script type=\"application\/ld+json\" class=\"yoast-schema-graph\">{\"@context\":\"https:\/\/schema.org\",\"@graph\":[{\"@type\":\"WebPage\",\"@id\":\"https:\/\/gruporiental.com\/shop\/producto\/fideo-rapidito-precocido-de-res-500g\/\",\"url\":\"https:\/\/gruporiental.com\/shop\/producto\/fideo-rapidito-precocido-de-res-500g\/\",\"name\":\"Rapidito res pack 500g - Oriental Shop\",\"isPartOf\":{\"@id\":\"https:\/\/gruporiental.com\/shop\/#website\"},\"primaryImageOfPage\":{\"@id\":\"https:\/\/gruporiental.com\/shop\/producto\/fideo-rapidito-precocido-de-res-500g\/#primaryimage\"},\"image\":{\"@id\":\"https:\/\/gruporiental.com\/shop\/producto\/fideo-rapidito-precocido-de-res-500g\/#primaryimage\"},\"thumbnailUrl\":\"https:\/\/gruporiental.com\/shop\/wp-content\/uploads\/2018\/11\/RAPDIITO-500G-RES.png\",\"datePublished\":\"2018-11-13T03:10:42+00:00\",\"dateModified\":\"2024-07-09T20:43:31+00:00\",\"description\":\"Rapidito\u00ae res 500g. Incluye 5 unidades de Rapidito\u00ae sabor a pollo de 100g. Fideos instant\u00e1neos f\u00e1ciles de preparar. P\u00e9gate un Rapidito.\",\"breadcrumb\":{\"@id\":\"https:\/\/gruporiental.com\/shop\/producto\/fideo-rapidito-precocido-de-res-500g\/#breadcrumb\"},\"inLanguage\":\"es\",\"potentialAction\":[{\"@type\":\"ReadAction\",\"target\":[\"https:\/\/gruporiental.com\/shop\/producto\/fideo-rapidito-precocido-de-res-500g\/\"]}]},{\"@type\":\"ImageObject\",\"inLanguage\":\"es\",\"@id\":\"https:\/\/gruporiental.com\/shop\/producto\/fideo-rapidito-precocido-de-res-500g\/#primaryimage\",\"url\":\"https:\/\/gruporiental.com\/shop\/wp-content\/uploads\/2018\/11\/RAPDIITO-500G-RES.png\",\"contentUrl\":\"https:\/\/gruporiental.com\/shop\/wp-content\/uploads\/2018\/11\/RAPDIITO-500G-RES.png\",\"width\":800,\"height\":800},{\"@type\":\"BreadcrumbList\",\"@id\":\"https:\/\/gruporiental.com\/shop\/producto\/fideo-rapidito-precocido-de-res-500g\/#breadcrumb\",\"itemListElement\":[{\"@type\":\"ListItem\",\"position\":1,\"name\":\"Home\",\"item\":\"https:\/\/gruporiental.com\/shop\/\"},{\"@type\":\"ListItem\",\"position\":2,\"name\":\"Tienda Online\",\"item\":\"https:\/\/gruporiental.com\/shop\/tienda\/\"},{\"@type\":\"ListItem\",\"position\":3,\"name\":\"Rapidito res pack 500g\"}]},{\"@type\":\"WebSite\",\"@id\":\"https:\/\/gruporiental.com\/shop\/#website\",\"url\":\"https:\/\/gruporiental.com\/shop\/\",\"name\":\"Oriental Shop\",\"description\":\"Grupo Oriental\",\"publisher\":{\"@id\":\"https:\/\/gruporiental.com\/shop\/#organization\"},\"potentialAction\":[{\"@type\":\"SearchAction\",\"target\":{\"@type\":\"EntryPoint\",\"urlTemplate\":\"https:\/\/gruporiental.com\/shop\/?s={search_term_string}\"},\"query-input\":{\"@type\":\"PropertyValueSpecification\",\"valueRequired\":true,\"valueName\":\"search_term_string\"}}],\"inLanguage\":\"es\"},{\"@type\":\"Organization\",\"@id\":\"https:\/\/gruporiental.com\/shop\/#organization\",\"name\":\"Grupo Oriental\",\"url\":\"https:\/\/gruporiental.com\/shop\/\",\"logo\":{\"@type\":\"ImageObject\",\"inLanguage\":\"es\",\"@id\":\"https:\/\/gruporiental.com\/shop\/#\/schema\/logo\/image\/\",\"url\":\"https:\/\/gruporiental.com\/shop\/wp-content\/uploads\/2018\/11\/webshopori1.fw_.png\",\"contentUrl\":\"https:\/\/gruporiental.com\/shop\/wp-content\/uploads\/2018\/11\/webshopori1.fw_.png\",\"width\":203,\"height\":111,\"caption\":\"Grupo Oriental\"},\"image\":{\"@id\":\"https:\/\/gruporiental.com\/shop\/#\/schema\/logo\/image\/\"}}]}<\/script>\n<!-- \/ Yoast SEO plugin. -->","yoast_head_json":{"title":"Rapidito res pack 500g - Oriental Shop","description":"Rapidito\u00ae res 500g. Incluye 5 unidades de Rapidito\u00ae sabor a pollo de 100g. Fideos instant\u00e1neos f\u00e1ciles de preparar. P\u00e9gate un Rapidito.","robots":{"index":"index","follow":"follow","max-snippet":"max-snippet:-1","max-image-preview":"max-image-preview:large","max-video-preview":"max-video-preview:-1"},"canonical":"https:\/\/gruporiental.com\/shop\/producto\/fideo-rapidito-precocido-de-res-500g\/","og_locale":"es_ES","og_type":"article","og_title":"Rapidito res pack 500g - Oriental Shop","og_description":"Rapidito\u00ae res 500g. Incluye 5 unidades de Rapidito\u00ae sabor a pollo de 100g. Fideos instant\u00e1neos f\u00e1ciles de preparar. P\u00e9gate un Rapidito.","og_url":"https:\/\/gruporiental.com\/shop\/producto\/fideo-rapidito-precocido-de-res-500g\/","og_site_name":"Oriental Shop","article_modified_time":"2024-07-09T20:43:31+00:00","og_image":[{"width":800,"height":800,"url":"https:\/\/gruporiental.com\/shop\/wp-content\/uploads\/2018\/11\/RAPDIITO-500G-RES.png","type":"image\/png"}],"twitter_card":"summary_large_image","twitter_misc":{"Tiempo de lectura":"1 minuto"},"schema":{"@context":"https:\/\/schema.org","@graph":[{"@type":"WebPage","@id":"https:\/\/gruporiental.com\/shop\/producto\/fideo-rapidito-precocido-de-res-500g\/","url":"https:\/\/gruporiental.com\/shop\/producto\/fideo-rapidito-precocido-de-res-500g\/","name":"Rapidito res pack 500g - Oriental Shop","isPartOf":{"@id":"https:\/\/gruporiental.com\/shop\/#website"},"primaryImageOfPage":{"@id":"https:\/\/gruporiental.com\/shop\/producto\/fideo-rapidito-precocido-de-res-500g\/#primaryimage"},"image":{"@id":"https:\/\/gruporiental.com\/shop\/producto\/fideo-rapidito-precocido-de-res-500g\/#primaryimage"},"thumbnailUrl":"https:\/\/gruporiental.com\/shop\/wp-content\/uploads\/2018\/11\/RAPDIITO-500G-RES.png","datePublished":"2018-11-13T03:10:42+00:00","dateModified":"2024-07-09T20:43:31+00:00","description":"Rapidito\u00ae res 500g. Incluye 5 unidades de Rapidito\u00ae sabor a pollo de 100g. Fideos instant\u00e1neos f\u00e1ciles de preparar. P\u00e9gate un Rapidito.","breadcrumb":{"@id":"https:\/\/gruporiental.com\/shop\/producto\/fideo-rapidito-precocido-de-res-500g\/#breadcrumb"},"inLanguage":"es","potentialAction":[{"@type":"ReadAction","target":["https:\/\/gruporiental.com\/shop\/producto\/fideo-rapidito-precocido-de-res-500g\/"]}]},{"@type":"ImageObject","inLanguage":"es","@id":"https:\/\/gruporiental.com\/shop\/producto\/fideo-rapidito-precocido-de-res-500g\/#primaryimage","url":"https:\/\/gruporiental.com\/shop\/wp-content\/uploads\/2018\/11\/RAPDIITO-500G-RES.png","contentUrl":"https:\/\/gruporiental.com\/shop\/wp-content\/uploads\/2018\/11\/RAPDIITO-500G-RES.png","width":800,"height":800},{"@type":"BreadcrumbList","@id":"https:\/\/gruporiental.com\/shop\/producto\/fideo-rapidito-precocido-de-res-500g\/#breadcrumb","itemListElement":[{"@type":"ListItem","position":1,"name":"Home","item":"https:\/\/gruporiental.com\/shop\/"},{"@type":"ListItem","position":2,"name":"Tienda Online","item":"https:\/\/gruporiental.com\/shop\/tienda\/"},{"@type":"ListItem","position":3,"name":"Rapidito res pack 500g"}]},{"@type":"WebSite","@id":"https:\/\/gruporiental.com\/shop\/#website","url":"https:\/\/gruporiental.com\/shop\/","name":"Oriental Shop","description":"Grupo Oriental","publisher":{"@id":"https:\/\/gruporiental.com\/shop\/#organization"},"potentialAction":[{"@type":"SearchAction","target":{"@type":"EntryPoint","urlTemplate":"https:\/\/gruporiental.com\/shop\/?s={search_term_string}"},"query-input":{"@type":"PropertyValueSpecification","valueRequired":true,"valueName":"search_term_string"}}],"inLanguage":"es"},{"@type":"Organization","@id":"https:\/\/gruporiental.com\/shop\/#organization","name":"Grupo Oriental","url":"https:\/\/gruporiental.com\/shop\/","logo":{"@type":"ImageObject","inLanguage":"es","@id":"https:\/\/gruporiental.com\/shop\/#\/schema\/logo\/image\/","url":"https:\/\/gruporiental.com\/shop\/wp-content\/uploads\/2018\/11\/webshopori1.fw_.png","contentUrl":"https:\/\/gruporiental.com\/shop\/wp-content\/uploads\/2018\/11\/webshopori1.fw_.png","width":203,"height":111,"caption":"Grupo Oriental"},"image":{"@id":"https:\/\/gruporiental.com\/shop\/#\/schema\/logo\/image\/"}}]}},"_links":{"self":[{"href":"https:\/\/gruporiental.com\/shop\/wp-json\/wp\/v2\/product\/3132","targetHints":{"allow":["GET"]}}],"collection":[{"href":"https:\/\/gruporiental.com\/shop\/wp-json\/wp\/v2\/product"}],"about":[{"href":"https:\/\/gruporiental.com\/shop\/wp-json\/wp\/v2\/types\/product"}],"replies":[{"embeddable":true,"href":"https:\/\/gruporiental.com\/shop\/wp-json\/wp\/v2\/comments?post=3132"}],"wp:featuredmedia":[{"embeddable":true,"href":"https:\/\/gruporiental.com\/shop\/wp-json\/wp\/v2\/media\/9396"}],"wp:attachment":[{"href":"https:\/\/gruporiental.com\/shop\/wp-json\/wp\/v2\/media?parent=3132"}],"wp:term":[{"taxonomy":"product_brand","embeddable":true,"href":"https:\/\/gruporiental.com\/shop\/wp-json\/wp\/v2\/product_brand?post=3132"},{"taxonomy":"product_cat","embeddable":true,"href":"https:\/\/gruporiental.com\/shop\/wp-json\/wp\/v2\/product_cat?post=3132"},{"taxonomy":"product_tag","embeddable":true,"href":"https:\/\/gruporiental.com\/shop\/wp-json\/wp\/v2\/product_tag?post=3132"}],"curies":[{"name":"wp","href":"https:\/\/api.w.org\/{rel}","templated":true}]}}