{"id":3294,"date":"2018-11-30T01:22:06","date_gmt":"2018-11-30T06:22:06","guid":{"rendered":"https:\/\/orientalshop.twidoo.co\/?post_type=product&#038;p=3294"},"modified":"2026-02-05T15:45:02","modified_gmt":"2026-02-05T20:45:02","slug":"agua-mana-500ml","status":"publish","type":"product","link":"https:\/\/gruporiental.com\/shop\/producto\/agua-mana-500ml\/","title":{"rendered":"Agua MAN\u00c1 500ml"},"content":{"rendered":"<p>Agua ultrapurificada, no clorada.<br \/>\nBacteriologicamente sana y refrescante.<\/p>\n<p>Pura agua de manantial, extra\u00edda de vertientes de monta\u00f1a en la provincial de Cotopaxi, La Man\u00e1.<\/p>\n<p>Presentaci\u00f3n: botella de 500ml.<\/p>\n<p>Premios: ITQI (Superior taste awards), 2019<\/p>\n","protected":false},"excerpt":{"rendered":"<p>Agua ultrapurificada, no clorada.<br \/>\nBacteriologicamente sana y refrescante.<\/p>\n<p>Pura agua de manantial, extra\u00edda de vertientes de monta\u00f1a en la provincial de Cotopaxi, La Man\u00e1.<\/p>\n<p>Presentaci\u00f3n: botella de 500ml, 15 und.<\/p>\n<p>Premios: ITQI (Superior taste awards), 2019<\/p>\n","protected":false},"featured_media":10187,"comment_status":"open","ping_status":"closed","template":"","meta":[],"product_brand":[],"product_cat":[118],"product_tag":[192,196],"class_list":{"0":"post-3294","1":"product","2":"type-product","3":"status-publish","4":"has-post-thumbnail","6":"product_cat-bebidas","7":"product_tag-agua","8":"product_tag-mana","10":"first","11":"instock","12":"taxable","13":"shipping-taxable","14":"purchasable","15":"product-type-simple"},"yoast_head":"<!-- This site is optimized with the Yoast SEO plugin v26.6 - https:\/\/yoast.com\/wordpress\/plugins\/seo\/ -->\n<title>Agua MAN\u00c1 500ml - Oriental Shop<\/title>\n<meta name=\"description\" content=\"Agua Man\u00e1, agua alcalina, no clorada. Bacteriologicamente sana y refrescante. Pura agua de manantial, extra\u00edda de vertientes de monta\u00f1a.\" \/>\n<meta name=\"robots\" content=\"index, follow, max-snippet:-1, max-image-preview:large, max-video-preview:-1\" \/>\n<link rel=\"canonical\" href=\"https:\/\/gruporiental.com\/shop\/producto\/agua-mana-500ml\/\" \/>\n<meta property=\"og:locale\" content=\"es_ES\" \/>\n<meta property=\"og:type\" content=\"article\" \/>\n<meta property=\"og:title\" content=\"Agua MAN\u00c1 500ml - Oriental Shop\" \/>\n<meta property=\"og:description\" content=\"Agua Man\u00e1, agua alcalina, no clorada. Bacteriologicamente sana y refrescante. Pura agua de manantial, extra\u00edda de vertientes de monta\u00f1a.\" \/>\n<meta property=\"og:url\" content=\"https:\/\/gruporiental.com\/shop\/producto\/agua-mana-500ml\/\" \/>\n<meta property=\"og:site_name\" content=\"Oriental Shop\" \/>\n<meta property=\"article:modified_time\" content=\"2026-02-05T20:45:02+00:00\" \/>\n<meta property=\"og:image\" content=\"https:\/\/gruporiental.com\/shop\/wp-content\/uploads\/2018\/11\/AGUA-MANA-500ML-1.png\" \/>\n\t<meta property=\"og:image:width\" content=\"800\" \/>\n\t<meta property=\"og:image:height\" content=\"800\" \/>\n\t<meta property=\"og:image:type\" content=\"image\/png\" \/>\n<meta name=\"twitter:card\" content=\"summary_large_image\" \/>\n<meta name=\"twitter:label1\" content=\"Tiempo de lectura\" \/>\n\t<meta name=\"twitter:data1\" content=\"1 minuto\" \/>\n<script type=\"application\/ld+json\" class=\"yoast-schema-graph\">{\"@context\":\"https:\/\/schema.org\",\"@graph\":[{\"@type\":\"WebPage\",\"@id\":\"https:\/\/gruporiental.com\/shop\/producto\/agua-mana-500ml\/\",\"url\":\"https:\/\/gruporiental.com\/shop\/producto\/agua-mana-500ml\/\",\"name\":\"Agua MAN\u00c1 500ml - Oriental Shop\",\"isPartOf\":{\"@id\":\"https:\/\/gruporiental.com\/shop\/#website\"},\"primaryImageOfPage\":{\"@id\":\"https:\/\/gruporiental.com\/shop\/producto\/agua-mana-500ml\/#primaryimage\"},\"image\":{\"@id\":\"https:\/\/gruporiental.com\/shop\/producto\/agua-mana-500ml\/#primaryimage\"},\"thumbnailUrl\":\"https:\/\/gruporiental.com\/shop\/wp-content\/uploads\/2018\/11\/AGUA-MANA-500ML-1.png\",\"datePublished\":\"2018-11-30T06:22:06+00:00\",\"dateModified\":\"2026-02-05T20:45:02+00:00\",\"description\":\"Agua Man\u00e1, agua alcalina, no clorada. Bacteriologicamente sana y refrescante. Pura agua de manantial, extra\u00edda de vertientes de monta\u00f1a.\",\"breadcrumb\":{\"@id\":\"https:\/\/gruporiental.com\/shop\/producto\/agua-mana-500ml\/#breadcrumb\"},\"inLanguage\":\"es\",\"potentialAction\":[{\"@type\":\"ReadAction\",\"target\":[\"https:\/\/gruporiental.com\/shop\/producto\/agua-mana-500ml\/\"]}]},{\"@type\":\"ImageObject\",\"inLanguage\":\"es\",\"@id\":\"https:\/\/gruporiental.com\/shop\/producto\/agua-mana-500ml\/#primaryimage\",\"url\":\"https:\/\/gruporiental.com\/shop\/wp-content\/uploads\/2018\/11\/AGUA-MANA-500ML-1.png\",\"contentUrl\":\"https:\/\/gruporiental.com\/shop\/wp-content\/uploads\/2018\/11\/AGUA-MANA-500ML-1.png\",\"width\":800,\"height\":800},{\"@type\":\"BreadcrumbList\",\"@id\":\"https:\/\/gruporiental.com\/shop\/producto\/agua-mana-500ml\/#breadcrumb\",\"itemListElement\":[{\"@type\":\"ListItem\",\"position\":1,\"name\":\"Home\",\"item\":\"https:\/\/gruporiental.com\/shop\/\"},{\"@type\":\"ListItem\",\"position\":2,\"name\":\"Tienda Online\",\"item\":\"https:\/\/gruporiental.com\/shop\/tienda\/\"},{\"@type\":\"ListItem\",\"position\":3,\"name\":\"Agua MAN\u00c1 500ml\"}]},{\"@type\":\"WebSite\",\"@id\":\"https:\/\/gruporiental.com\/shop\/#website\",\"url\":\"https:\/\/gruporiental.com\/shop\/\",\"name\":\"Oriental Shop\",\"description\":\"Grupo Oriental\",\"publisher\":{\"@id\":\"https:\/\/gruporiental.com\/shop\/#organization\"},\"potentialAction\":[{\"@type\":\"SearchAction\",\"target\":{\"@type\":\"EntryPoint\",\"urlTemplate\":\"https:\/\/gruporiental.com\/shop\/?s={search_term_string}\"},\"query-input\":{\"@type\":\"PropertyValueSpecification\",\"valueRequired\":true,\"valueName\":\"search_term_string\"}}],\"inLanguage\":\"es\"},{\"@type\":\"Organization\",\"@id\":\"https:\/\/gruporiental.com\/shop\/#organization\",\"name\":\"Grupo Oriental\",\"url\":\"https:\/\/gruporiental.com\/shop\/\",\"logo\":{\"@type\":\"ImageObject\",\"inLanguage\":\"es\",\"@id\":\"https:\/\/gruporiental.com\/shop\/#\/schema\/logo\/image\/\",\"url\":\"https:\/\/gruporiental.com\/shop\/wp-content\/uploads\/2018\/11\/webshopori1.fw_.png\",\"contentUrl\":\"https:\/\/gruporiental.com\/shop\/wp-content\/uploads\/2018\/11\/webshopori1.fw_.png\",\"width\":203,\"height\":111,\"caption\":\"Grupo Oriental\"},\"image\":{\"@id\":\"https:\/\/gruporiental.com\/shop\/#\/schema\/logo\/image\/\"}}]}<\/script>\n<!-- \/ Yoast SEO plugin. -->","yoast_head_json":{"title":"Agua MAN\u00c1 500ml - Oriental Shop","description":"Agua Man\u00e1, agua alcalina, no clorada. Bacteriologicamente sana y refrescante. Pura agua de manantial, extra\u00edda de vertientes de monta\u00f1a.","robots":{"index":"index","follow":"follow","max-snippet":"max-snippet:-1","max-image-preview":"max-image-preview:large","max-video-preview":"max-video-preview:-1"},"canonical":"https:\/\/gruporiental.com\/shop\/producto\/agua-mana-500ml\/","og_locale":"es_ES","og_type":"article","og_title":"Agua MAN\u00c1 500ml - Oriental Shop","og_description":"Agua Man\u00e1, agua alcalina, no clorada. Bacteriologicamente sana y refrescante. Pura agua de manantial, extra\u00edda de vertientes de monta\u00f1a.","og_url":"https:\/\/gruporiental.com\/shop\/producto\/agua-mana-500ml\/","og_site_name":"Oriental Shop","article_modified_time":"2026-02-05T20:45:02+00:00","og_image":[{"width":800,"height":800,"url":"https:\/\/gruporiental.com\/shop\/wp-content\/uploads\/2018\/11\/AGUA-MANA-500ML-1.png","type":"image\/png"}],"twitter_card":"summary_large_image","twitter_misc":{"Tiempo de lectura":"1 minuto"},"schema":{"@context":"https:\/\/schema.org","@graph":[{"@type":"WebPage","@id":"https:\/\/gruporiental.com\/shop\/producto\/agua-mana-500ml\/","url":"https:\/\/gruporiental.com\/shop\/producto\/agua-mana-500ml\/","name":"Agua MAN\u00c1 500ml - Oriental Shop","isPartOf":{"@id":"https:\/\/gruporiental.com\/shop\/#website"},"primaryImageOfPage":{"@id":"https:\/\/gruporiental.com\/shop\/producto\/agua-mana-500ml\/#primaryimage"},"image":{"@id":"https:\/\/gruporiental.com\/shop\/producto\/agua-mana-500ml\/#primaryimage"},"thumbnailUrl":"https:\/\/gruporiental.com\/shop\/wp-content\/uploads\/2018\/11\/AGUA-MANA-500ML-1.png","datePublished":"2018-11-30T06:22:06+00:00","dateModified":"2026-02-05T20:45:02+00:00","description":"Agua Man\u00e1, agua alcalina, no clorada. Bacteriologicamente sana y refrescante. Pura agua de manantial, extra\u00edda de vertientes de monta\u00f1a.","breadcrumb":{"@id":"https:\/\/gruporiental.com\/shop\/producto\/agua-mana-500ml\/#breadcrumb"},"inLanguage":"es","potentialAction":[{"@type":"ReadAction","target":["https:\/\/gruporiental.com\/shop\/producto\/agua-mana-500ml\/"]}]},{"@type":"ImageObject","inLanguage":"es","@id":"https:\/\/gruporiental.com\/shop\/producto\/agua-mana-500ml\/#primaryimage","url":"https:\/\/gruporiental.com\/shop\/wp-content\/uploads\/2018\/11\/AGUA-MANA-500ML-1.png","contentUrl":"https:\/\/gruporiental.com\/shop\/wp-content\/uploads\/2018\/11\/AGUA-MANA-500ML-1.png","width":800,"height":800},{"@type":"BreadcrumbList","@id":"https:\/\/gruporiental.com\/shop\/producto\/agua-mana-500ml\/#breadcrumb","itemListElement":[{"@type":"ListItem","position":1,"name":"Home","item":"https:\/\/gruporiental.com\/shop\/"},{"@type":"ListItem","position":2,"name":"Tienda Online","item":"https:\/\/gruporiental.com\/shop\/tienda\/"},{"@type":"ListItem","position":3,"name":"Agua MAN\u00c1 500ml"}]},{"@type":"WebSite","@id":"https:\/\/gruporiental.com\/shop\/#website","url":"https:\/\/gruporiental.com\/shop\/","name":"Oriental Shop","description":"Grupo Oriental","publisher":{"@id":"https:\/\/gruporiental.com\/shop\/#organization"},"potentialAction":[{"@type":"SearchAction","target":{"@type":"EntryPoint","urlTemplate":"https:\/\/gruporiental.com\/shop\/?s={search_term_string}"},"query-input":{"@type":"PropertyValueSpecification","valueRequired":true,"valueName":"search_term_string"}}],"inLanguage":"es"},{"@type":"Organization","@id":"https:\/\/gruporiental.com\/shop\/#organization","name":"Grupo Oriental","url":"https:\/\/gruporiental.com\/shop\/","logo":{"@type":"ImageObject","inLanguage":"es","@id":"https:\/\/gruporiental.com\/shop\/#\/schema\/logo\/image\/","url":"https:\/\/gruporiental.com\/shop\/wp-content\/uploads\/2018\/11\/webshopori1.fw_.png","contentUrl":"https:\/\/gruporiental.com\/shop\/wp-content\/uploads\/2018\/11\/webshopori1.fw_.png","width":203,"height":111,"caption":"Grupo Oriental"},"image":{"@id":"https:\/\/gruporiental.com\/shop\/#\/schema\/logo\/image\/"}}]}},"_links":{"self":[{"href":"https:\/\/gruporiental.com\/shop\/wp-json\/wp\/v2\/product\/3294","targetHints":{"allow":["GET"]}}],"collection":[{"href":"https:\/\/gruporiental.com\/shop\/wp-json\/wp\/v2\/product"}],"about":[{"href":"https:\/\/gruporiental.com\/shop\/wp-json\/wp\/v2\/types\/product"}],"replies":[{"embeddable":true,"href":"https:\/\/gruporiental.com\/shop\/wp-json\/wp\/v2\/comments?post=3294"}],"wp:featuredmedia":[{"embeddable":true,"href":"https:\/\/gruporiental.com\/shop\/wp-json\/wp\/v2\/media\/10187"}],"wp:attachment":[{"href":"https:\/\/gruporiental.com\/shop\/wp-json\/wp\/v2\/media?parent=3294"}],"wp:term":[{"taxonomy":"product_brand","embeddable":true,"href":"https:\/\/gruporiental.com\/shop\/wp-json\/wp\/v2\/product_brand?post=3294"},{"taxonomy":"product_cat","embeddable":true,"href":"https:\/\/gruporiental.com\/shop\/wp-json\/wp\/v2\/product_cat?post=3294"},{"taxonomy":"product_tag","embeddable":true,"href":"https:\/\/gruporiental.com\/shop\/wp-json\/wp\/v2\/product_tag?post=3294"}],"curies":[{"name":"wp","href":"https:\/\/api.w.org\/{rel}","templated":true}]}}