{"id":9904,"date":"2024-07-10T14:02:17","date_gmt":"2024-07-10T19:02:17","guid":{"rendered":"https:\/\/gruporiental.com\/shop\/?post_type=product&#038;p=9904"},"modified":"2024-07-10T14:25:11","modified_gmt":"2024-07-10T19:25:11","slug":"harina-de-platano-200g","status":"publish","type":"product","link":"https:\/\/gruporiental.com\/shop\/producto\/harina-de-platano-200g\/","title":{"rendered":"Harina de pl\u00e1tano 200g"},"content":{"rendered":"","protected":false},"excerpt":{"rendered":"<p>Indispensable para el desarrollo de ni\u00f1os.<br \/>\nPura harina de pl\u00e1tano, natural y nutritiva.<br \/>\nComida tradicional del Ecuador por generaciones.<\/p>\n<p>Presentaci\u00f3n: funda de 200g<\/p>\n","protected":false},"featured_media":9905,"comment_status":"open","ping_status":"closed","template":"","meta":[],"product_brand":[],"product_cat":[116],"product_tag":[],"class_list":{"0":"post-9904","1":"product","2":"type-product","3":"status-publish","4":"has-post-thumbnail","6":"product_cat-harinas","8":"first","9":"instock","10":"taxable","11":"shipping-taxable","12":"purchasable","13":"product-type-simple"},"yoast_head":"<!-- This site is optimized with the Yoast SEO plugin v26.6 - https:\/\/yoast.com\/wordpress\/plugins\/seo\/ -->\n<title>Harina de pl\u00e1tano 200g - Oriental Shop<\/title>\n<meta name=\"robots\" content=\"index, follow, max-snippet:-1, max-image-preview:large, max-video-preview:-1\" \/>\n<link rel=\"canonical\" href=\"https:\/\/gruporiental.com\/shop\/producto\/harina-de-platano-200g\/\" \/>\n<meta property=\"og:locale\" content=\"es_ES\" \/>\n<meta property=\"og:type\" content=\"article\" \/>\n<meta property=\"og:title\" content=\"Harina de pl\u00e1tano 200g - Oriental Shop\" \/>\n<meta property=\"og:description\" content=\"Indispensable para el desarrollo de ni\u00f1os. Pura harina de pl\u00e1tano, natural y nutritiva. Comida tradicional del Ecuador por generaciones.  Presentaci\u00f3n: funda de 200g\" \/>\n<meta property=\"og:url\" content=\"https:\/\/gruporiental.com\/shop\/producto\/harina-de-platano-200g\/\" \/>\n<meta property=\"og:site_name\" content=\"Oriental Shop\" \/>\n<meta property=\"article:modified_time\" content=\"2024-07-10T19:25:11+00:00\" \/>\n<meta property=\"og:image\" content=\"https:\/\/gruporiental.com\/shop\/wp-content\/uploads\/2024\/07\/HARINA-DE-PLATANO-200g.png\" \/>\n\t<meta property=\"og:image:width\" content=\"800\" \/>\n\t<meta property=\"og:image:height\" content=\"800\" \/>\n\t<meta property=\"og:image:type\" content=\"image\/png\" \/>\n<meta name=\"twitter:card\" content=\"summary_large_image\" \/>\n<meta name=\"twitter:label1\" content=\"Tiempo de lectura\" \/>\n\t<meta name=\"twitter:data1\" content=\"1 minuto\" \/>\n<script type=\"application\/ld+json\" class=\"yoast-schema-graph\">{\"@context\":\"https:\/\/schema.org\",\"@graph\":[{\"@type\":\"WebPage\",\"@id\":\"https:\/\/gruporiental.com\/shop\/producto\/harina-de-platano-200g\/\",\"url\":\"https:\/\/gruporiental.com\/shop\/producto\/harina-de-platano-200g\/\",\"name\":\"Harina de pl\u00e1tano 200g - Oriental Shop\",\"isPartOf\":{\"@id\":\"https:\/\/gruporiental.com\/shop\/#website\"},\"primaryImageOfPage\":{\"@id\":\"https:\/\/gruporiental.com\/shop\/producto\/harina-de-platano-200g\/#primaryimage\"},\"image\":{\"@id\":\"https:\/\/gruporiental.com\/shop\/producto\/harina-de-platano-200g\/#primaryimage\"},\"thumbnailUrl\":\"https:\/\/gruporiental.com\/shop\/wp-content\/uploads\/2024\/07\/HARINA-DE-PLATANO-200g.png\",\"datePublished\":\"2024-07-10T19:02:17+00:00\",\"dateModified\":\"2024-07-10T19:25:11+00:00\",\"breadcrumb\":{\"@id\":\"https:\/\/gruporiental.com\/shop\/producto\/harina-de-platano-200g\/#breadcrumb\"},\"inLanguage\":\"es\",\"potentialAction\":[{\"@type\":\"ReadAction\",\"target\":[\"https:\/\/gruporiental.com\/shop\/producto\/harina-de-platano-200g\/\"]}]},{\"@type\":\"ImageObject\",\"inLanguage\":\"es\",\"@id\":\"https:\/\/gruporiental.com\/shop\/producto\/harina-de-platano-200g\/#primaryimage\",\"url\":\"https:\/\/gruporiental.com\/shop\/wp-content\/uploads\/2024\/07\/HARINA-DE-PLATANO-200g.png\",\"contentUrl\":\"https:\/\/gruporiental.com\/shop\/wp-content\/uploads\/2024\/07\/HARINA-DE-PLATANO-200g.png\",\"width\":800,\"height\":800},{\"@type\":\"BreadcrumbList\",\"@id\":\"https:\/\/gruporiental.com\/shop\/producto\/harina-de-platano-200g\/#breadcrumb\",\"itemListElement\":[{\"@type\":\"ListItem\",\"position\":1,\"name\":\"Home\",\"item\":\"https:\/\/gruporiental.com\/shop\/\"},{\"@type\":\"ListItem\",\"position\":2,\"name\":\"Tienda Online\",\"item\":\"https:\/\/gruporiental.com\/shop\/tienda\/\"},{\"@type\":\"ListItem\",\"position\":3,\"name\":\"Harina de pl\u00e1tano 200g\"}]},{\"@type\":\"WebSite\",\"@id\":\"https:\/\/gruporiental.com\/shop\/#website\",\"url\":\"https:\/\/gruporiental.com\/shop\/\",\"name\":\"Oriental Shop\",\"description\":\"Grupo Oriental\",\"publisher\":{\"@id\":\"https:\/\/gruporiental.com\/shop\/#organization\"},\"potentialAction\":[{\"@type\":\"SearchAction\",\"target\":{\"@type\":\"EntryPoint\",\"urlTemplate\":\"https:\/\/gruporiental.com\/shop\/?s={search_term_string}\"},\"query-input\":{\"@type\":\"PropertyValueSpecification\",\"valueRequired\":true,\"valueName\":\"search_term_string\"}}],\"inLanguage\":\"es\"},{\"@type\":\"Organization\",\"@id\":\"https:\/\/gruporiental.com\/shop\/#organization\",\"name\":\"Grupo Oriental\",\"url\":\"https:\/\/gruporiental.com\/shop\/\",\"logo\":{\"@type\":\"ImageObject\",\"inLanguage\":\"es\",\"@id\":\"https:\/\/gruporiental.com\/shop\/#\/schema\/logo\/image\/\",\"url\":\"https:\/\/gruporiental.com\/shop\/wp-content\/uploads\/2018\/11\/webshopori1.fw_.png\",\"contentUrl\":\"https:\/\/gruporiental.com\/shop\/wp-content\/uploads\/2018\/11\/webshopori1.fw_.png\",\"width\":203,\"height\":111,\"caption\":\"Grupo Oriental\"},\"image\":{\"@id\":\"https:\/\/gruporiental.com\/shop\/#\/schema\/logo\/image\/\"}}]}<\/script>\n<!-- \/ Yoast SEO plugin. -->","yoast_head_json":{"title":"Harina de pl\u00e1tano 200g - Oriental Shop","robots":{"index":"index","follow":"follow","max-snippet":"max-snippet:-1","max-image-preview":"max-image-preview:large","max-video-preview":"max-video-preview:-1"},"canonical":"https:\/\/gruporiental.com\/shop\/producto\/harina-de-platano-200g\/","og_locale":"es_ES","og_type":"article","og_title":"Harina de pl\u00e1tano 200g - Oriental Shop","og_description":"Indispensable para el desarrollo de ni\u00f1os. Pura harina de pl\u00e1tano, natural y nutritiva. Comida tradicional del Ecuador por generaciones.  Presentaci\u00f3n: funda de 200g","og_url":"https:\/\/gruporiental.com\/shop\/producto\/harina-de-platano-200g\/","og_site_name":"Oriental Shop","article_modified_time":"2024-07-10T19:25:11+00:00","og_image":[{"width":800,"height":800,"url":"https:\/\/gruporiental.com\/shop\/wp-content\/uploads\/2024\/07\/HARINA-DE-PLATANO-200g.png","type":"image\/png"}],"twitter_card":"summary_large_image","twitter_misc":{"Tiempo de lectura":"1 minuto"},"schema":{"@context":"https:\/\/schema.org","@graph":[{"@type":"WebPage","@id":"https:\/\/gruporiental.com\/shop\/producto\/harina-de-platano-200g\/","url":"https:\/\/gruporiental.com\/shop\/producto\/harina-de-platano-200g\/","name":"Harina de pl\u00e1tano 200g - Oriental Shop","isPartOf":{"@id":"https:\/\/gruporiental.com\/shop\/#website"},"primaryImageOfPage":{"@id":"https:\/\/gruporiental.com\/shop\/producto\/harina-de-platano-200g\/#primaryimage"},"image":{"@id":"https:\/\/gruporiental.com\/shop\/producto\/harina-de-platano-200g\/#primaryimage"},"thumbnailUrl":"https:\/\/gruporiental.com\/shop\/wp-content\/uploads\/2024\/07\/HARINA-DE-PLATANO-200g.png","datePublished":"2024-07-10T19:02:17+00:00","dateModified":"2024-07-10T19:25:11+00:00","breadcrumb":{"@id":"https:\/\/gruporiental.com\/shop\/producto\/harina-de-platano-200g\/#breadcrumb"},"inLanguage":"es","potentialAction":[{"@type":"ReadAction","target":["https:\/\/gruporiental.com\/shop\/producto\/harina-de-platano-200g\/"]}]},{"@type":"ImageObject","inLanguage":"es","@id":"https:\/\/gruporiental.com\/shop\/producto\/harina-de-platano-200g\/#primaryimage","url":"https:\/\/gruporiental.com\/shop\/wp-content\/uploads\/2024\/07\/HARINA-DE-PLATANO-200g.png","contentUrl":"https:\/\/gruporiental.com\/shop\/wp-content\/uploads\/2024\/07\/HARINA-DE-PLATANO-200g.png","width":800,"height":800},{"@type":"BreadcrumbList","@id":"https:\/\/gruporiental.com\/shop\/producto\/harina-de-platano-200g\/#breadcrumb","itemListElement":[{"@type":"ListItem","position":1,"name":"Home","item":"https:\/\/gruporiental.com\/shop\/"},{"@type":"ListItem","position":2,"name":"Tienda Online","item":"https:\/\/gruporiental.com\/shop\/tienda\/"},{"@type":"ListItem","position":3,"name":"Harina de pl\u00e1tano 200g"}]},{"@type":"WebSite","@id":"https:\/\/gruporiental.com\/shop\/#website","url":"https:\/\/gruporiental.com\/shop\/","name":"Oriental Shop","description":"Grupo Oriental","publisher":{"@id":"https:\/\/gruporiental.com\/shop\/#organization"},"potentialAction":[{"@type":"SearchAction","target":{"@type":"EntryPoint","urlTemplate":"https:\/\/gruporiental.com\/shop\/?s={search_term_string}"},"query-input":{"@type":"PropertyValueSpecification","valueRequired":true,"valueName":"search_term_string"}}],"inLanguage":"es"},{"@type":"Organization","@id":"https:\/\/gruporiental.com\/shop\/#organization","name":"Grupo Oriental","url":"https:\/\/gruporiental.com\/shop\/","logo":{"@type":"ImageObject","inLanguage":"es","@id":"https:\/\/gruporiental.com\/shop\/#\/schema\/logo\/image\/","url":"https:\/\/gruporiental.com\/shop\/wp-content\/uploads\/2018\/11\/webshopori1.fw_.png","contentUrl":"https:\/\/gruporiental.com\/shop\/wp-content\/uploads\/2018\/11\/webshopori1.fw_.png","width":203,"height":111,"caption":"Grupo Oriental"},"image":{"@id":"https:\/\/gruporiental.com\/shop\/#\/schema\/logo\/image\/"}}]}},"_links":{"self":[{"href":"https:\/\/gruporiental.com\/shop\/wp-json\/wp\/v2\/product\/9904","targetHints":{"allow":["GET"]}}],"collection":[{"href":"https:\/\/gruporiental.com\/shop\/wp-json\/wp\/v2\/product"}],"about":[{"href":"https:\/\/gruporiental.com\/shop\/wp-json\/wp\/v2\/types\/product"}],"replies":[{"embeddable":true,"href":"https:\/\/gruporiental.com\/shop\/wp-json\/wp\/v2\/comments?post=9904"}],"wp:featuredmedia":[{"embeddable":true,"href":"https:\/\/gruporiental.com\/shop\/wp-json\/wp\/v2\/media\/9905"}],"wp:attachment":[{"href":"https:\/\/gruporiental.com\/shop\/wp-json\/wp\/v2\/media?parent=9904"}],"wp:term":[{"taxonomy":"product_brand","embeddable":true,"href":"https:\/\/gruporiental.com\/shop\/wp-json\/wp\/v2\/product_brand?post=9904"},{"taxonomy":"product_cat","embeddable":true,"href":"https:\/\/gruporiental.com\/shop\/wp-json\/wp\/v2\/product_cat?post=9904"},{"taxonomy":"product_tag","embeddable":true,"href":"https:\/\/gruporiental.com\/shop\/wp-json\/wp\/v2\/product_tag?post=9904"}],"curies":[{"name":"wp","href":"https:\/\/api.w.org\/{rel}","templated":true}]}}